{"id":94480,"date":"2024-10-10T16:18:27","date_gmt":"2024-10-10T14:18:27","guid":{"rendered":"https:\/\/zylloo.com\/demande-de-formation\/"},"modified":"2025-11-20T19:53:42","modified_gmt":"2025-11-20T18:53:42","slug":"demande-de-formation","status":"publish","type":"page","link":"https:\/\/zylloo.com\/fr\/demande-de-formation\/","title":{"rendered":"Demande de formation"},"content":{"rendered":"\t\t<div data-elementor-type=\"wp-page\" data-elementor-id=\"94480\" class=\"elementor elementor-94480 elementor-92279\" data-elementor-post-type=\"page\">\n\t\t\t\t<div class=\"elementor-element elementor-element-bf71a96 e-flex e-con-boxed e-con e-parent\" data-id=\"bf71a96\" data-element_type=\"container\" data-e-type=\"container\" data-settings=\"{&quot;background_background&quot;:&quot;classic&quot;}\">\n\t\t\t\t\t<div class=\"e-con-inner\">\n\t\t\t\t<div class=\"elementor-element elementor-element-5387762 elementor-invisible elementor-widget elementor-widget-heading\" data-id=\"5387762\" data-element_type=\"widget\" data-e-type=\"widget\" data-settings=\"{&quot;_animation&quot;:&quot;fadeIn&quot;}\" data-widget_type=\"heading.default\">\n\t\t\t\t<div class=\"elementor-widget-container\">\n\t\t\t\t\t<h1 class=\"elementor-heading-title elementor-size-default\">DEMANDER UNE FORMATION<\/h1>\t\t\t\t<\/div>\n\t\t\t\t<\/div>\n\t\t\t\t<div class=\"elementor-element elementor-element-ed6a74b elementor-widget__width-initial elementor-widget elementor-widget-text-editor\" data-id=\"ed6a74b\" data-element_type=\"widget\" data-e-type=\"widget\" data-widget_type=\"text-editor.default\">\n\t\t\t\t<div class=\"elementor-widget-container\">\n\t\t\t\t\t\t\t\t\t<p style=\"text-align: left;\">Veuillez attendre que le calendrier se charge, puis planifiez votre r\u00e9union avec M. Cezzy Kanionga sur Zoom. Assurez-vous d&rsquo;avoir un compte Zoom pour participer \u00e0 la r\u00e9union une fois qu&rsquo;elle est confirm\u00e9e.<\/p><p style=\"text-align: left;\">Zylloo Consult peut utiliser vos coordonn\u00e9es pour vous contacter dans le cadre d&rsquo;engagements futurs et vous proposer des services sur mesure.<\/p>\t\t\t\t\t\t\t\t<\/div>\n\t\t\t\t<\/div>\n\t\t\t\t<div class=\"elementor-element elementor-element-d152b5a elementor-widget elementor-widget-shortcode\" data-id=\"d152b5a\" data-element_type=\"widget\" data-e-type=\"widget\" data-widget_type=\"shortcode.default\">\n\t\t\t\t<div class=\"elementor-widget-container\">\n\t\t\t\t\t\t\t<div class=\"elementor-shortcode\"><div class=\"frm_forms  with_frm_style frm_style_formidable-style\" id=\"frm_form_1_container\" >\n<form enctype=\"multipart\/form-data\" method=\"post\" class=\"frm-show-form \" id=\"form_contact-form\" >\n<div class=\"frm_form_fields \">\n<fieldset>\n<legend class=\"frm_screen_reader\">Contact Us<\/legend>\n\n<div class=\"frm_fields_container\">\n<input type=\"hidden\" name=\"frm_action\" value=\"create\" \/>\n<input type=\"hidden\" name=\"form_id\" value=\"1\" \/>\n<input type=\"hidden\" name=\"frm_hide_fields_1\" id=\"frm_hide_fields_1\" value=\"\" \/>\n<input type=\"hidden\" name=\"form_key\" value=\"contact-form\" \/>\n<input type=\"hidden\" name=\"item_meta[0]\" value=\"\" \/>\n<input type=\"hidden\" id=\"frm_submit_entry_1\" name=\"frm_submit_entry_1\" value=\"50da90a7a5\" \/><input type=\"hidden\" name=\"_wp_http_referer\" value=\"\/fr\/wp-json\/wp\/v2\/pages\/94480\" \/><div id=\"frm_field_8_container\" class=\"frm_form_field form-field  frm_required_field frm_top_container frm_first frm12 horizontal_radio\">\n\t<div  id=\"field_rpng1_label\" class=\"frm_primary_label\">\n\t\t<span class=\"frm_required\" aria-hidden=\"true\">*<\/span>\n\t<\/div>\n\t<div class=\"frm_opt_container\" aria-labelledby=\"field_rpng1_label\" role=\"radiogroup\" aria-required=\"true\">\t\t<div class=\"frm_radio\" id=\"frm_radio_8-0\">\t\t\t<label  for=\"field_rpng1-0\">\n\t\t\t\t\t<input type=\"radio\" name=\"item_meta[8]\" id=\"field_rpng1-0\" value=\"Services\"\n\t\t data-frmval=\"[get param=choice]\" data-reqmsg=\"Ce champ cannot be blank.\" data-invmsg=\"Ce champ est non valide\"   \/> Services<\/label><\/div>\n\t\t<div class=\"frm_radio\" id=\"frm_radio_8-1\">\t\t\t<label  for=\"field_rpng1-1\">\n\t\t\t\t\t<input type=\"radio\" name=\"item_meta[8]\" id=\"field_rpng1-1\" value=\"Feedback\"\n\t\t data-frmval=\"[get param=choice]\" data-reqmsg=\"Ce champ cannot be blank.\" data-invmsg=\"Ce champ est non valide\"   \/> Feedback<\/label><\/div>\n\t\t<div class=\"frm_radio\" id=\"frm_radio_8-2\">\t\t\t<label  for=\"field_rpng1-2\">\n\t\t\t\t\t<input type=\"radio\" name=\"item_meta[8]\" id=\"field_rpng1-2\" value=\"Quote requests\"\n\t\t data-frmval=\"[get param=choice]\" data-reqmsg=\"Ce champ cannot be blank.\" data-invmsg=\"Ce champ est non valide\"   \/> Quote requests<\/label><\/div>\n\t\t<div class=\"frm_radio\" id=\"frm_radio_8-4\">\t\t\t<label  for=\"field_rpng1-4\">\n\t\t\t\t\t<input type=\"radio\" name=\"item_meta[8]\" id=\"field_rpng1-4\" value=\"Tailored Training\"\n\t\t data-frmval=\"[get param=choice]\" data-reqmsg=\"Ce champ cannot be blank.\" data-invmsg=\"Ce champ est non valide\"   \/> Tailored Training<\/label><\/div>\n\t\t<div class=\"frm_radio\" id=\"frm_radio_8-3\">\t\t\t<label  for=\"field_rpng1-3\">\n\t\t\t\t\t<input type=\"radio\" name=\"item_meta[8]\" id=\"field_rpng1-3\" value=\"Other\"\n\t\t data-frmval=\"[get param=choice]\" data-reqmsg=\"Ce champ cannot be blank.\" data-invmsg=\"Ce champ est non valide\"   \/> Other<\/label><\/div>\n<\/div>\n\t\n\t\n<\/div>\n<div id=\"frm_field_1_container\" class=\"frm_form_field form-field  frm_required_field frm_inside_container frm6 frm_first\">\n\t<label for=\"field_qh4icy\" id=\"field_qh4icy_label\" class=\"frm_primary_label\">Name\n\t\t<span class=\"frm_required\" aria-hidden=\"true\">*<\/span>\n\t<\/label>\n\t<input type=\"text\" id=\"field_qh4icy\" name=\"item_meta[1]\" value=\"\"  data-reqmsg=\"Name cannot be blank.\" aria-required=\"true\" data-invmsg=\"Name is invalid\" aria-invalid=\"false\"   aria-describedby=\"frm_desc_field_qh4icy\"\/>\n\t<div class=\"frm_description\" id=\"frm_desc_field_qh4icy\">First<\/div>\n\t\n<\/div>\n<div id=\"frm_field_2_container\" class=\"frm_form_field form-field  frm_required_field frm_hidden_container frm6\">\n\t<label for=\"field_ocfup1\" id=\"field_ocfup1_label\" class=\"frm_primary_label\">Last\n\t\t<span class=\"frm_required\" aria-hidden=\"true\">*<\/span>\n\t<\/label>\n\t<input type=\"text\" id=\"field_ocfup1\" name=\"item_meta[2]\" value=\"\"  data-reqmsg=\"Last cannot be blank.\" aria-required=\"true\" data-invmsg=\"Last is invalid\" aria-invalid=\"false\"   aria-describedby=\"frm_desc_field_ocfup1\"\/>\n\t<div class=\"frm_description\" id=\"frm_desc_field_ocfup1\">Last<\/div>\n\t\n<\/div>\n<div id=\"frm_field_3_container\" class=\"frm_form_field form-field  frm_required_field frm_inside_container frm_full\">\n\t<label for=\"field_29yf4d\" id=\"field_29yf4d_label\" class=\"frm_primary_label\">Email\n\t\t<span class=\"frm_required\" aria-hidden=\"true\">*<\/span>\n\t<\/label>\n\t<input type=\"email\" id=\"field_29yf4d\" name=\"item_meta[3]\" value=\"\"  data-reqmsg=\"Email cannot be blank.\" aria-required=\"true\" data-invmsg=\"Please enter a valid email address\" aria-invalid=\"false\"  \/>\n\t\n\t\n<\/div>\n<div id=\"frm_field_4_container\" class=\"frm_form_field form-field  frm_required_field frm_inside_container frm_full\">\n\t<label for=\"field_e6lis6\" id=\"field_e6lis6_label\" class=\"frm_primary_label\">Phone\n\t\t<span class=\"frm_required\" aria-hidden=\"true\">*<\/span>\n\t<\/label>\n\t<input type=\"tel\" id=\"field_e6lis6\" name=\"item_meta[4]\" value=\"\"  data-reqmsg=\"Phone cannot be blank.\" aria-required=\"true\" data-invmsg=\"Phone is invalid\" aria-invalid=\"false\" pattern=\"((\\+\\d{1,3}(-|.| )?\\(?\\d\\)?(-| |.)?\\d{1,5})|(\\(?\\d{2,6}\\)?))(-|.| )?(\\d{3,4})(-|.| )?(\\d{4})(( x| ext)\\d{1,5}){0,1}$\"  \/>\n\t\n\t\n<\/div>\n<div id=\"frm_field_5_container\" class=\"frm_form_field form-field  frm_required_field frm_inside_container frm_full\">\n\t<label for=\"field_9jv0r1\" id=\"field_9jv0r1_label\" class=\"frm_primary_label\">Message\n\t\t<span class=\"frm_required\" aria-hidden=\"true\">*<\/span>\n\t<\/label>\n\t<textarea name=\"item_meta[5]\" id=\"field_9jv0r1\" rows=\"5\"  data-reqmsg=\"Message cannot be blank.\" aria-required=\"true\" data-invmsg=\"Message est non valide\" aria-invalid=\"false\"  ><\/textarea>\n\t\n\t\n<\/div>\n<div id=\"frm_field_26_container\" class=\"frm_form_field form-field  frm_none_container\">\n\t<label for=\"g-recaptcha-response\" id=\"field_wygnm_label\" class=\"frm_primary_label\">Captcha\n\t\t<span class=\"frm_required\" aria-hidden=\"true\"><\/span>\n\t<\/label>\n\t<div  id=\"field_wygnm\" class=\"frm-g-recaptcha\" data-sitekey=\"6LeFQzApAAAAAEUAwL5UHH5a078BpnhZEk-SrACn\" data-size=\"invisible\" data-theme=\"light\"><\/div>\n\t\n\t\n<\/div>\n<div id=\"frm_field_7_container\" class=\"frm_form_field form-field  frm_top_container frm12 frm_first horizontal_radio\">\n\t<div  id=\"field_dgqhi_label\" class=\"frm_primary_label\">\n\t\t<span class=\"frm_required\" aria-hidden=\"true\"><\/span>\n\t<\/div>\n\t<div class=\"frm_opt_container\" aria-labelledby=\"field_dgqhi_label\" role=\"group\">\t\t<div class=\"frm_checkbox\" id=\"frm_checkbox_7-0\">\t\t\t<label  for=\"field_dgqhi-0\">\n\t\t\t<input type=\"checkbox\" name=\"item_meta[7][]\" id=\"field_dgqhi-0\" value=\"Receive updates from Zylloo Consult\"  data-invmsg=\"Ce champ est non valide\"   \/> Receive updates from Zylloo Consult<\/label><\/div>\n<\/div>\n\t\n\t\n<\/div>\n<div id=\"frm_field_6_container\" class=\"frm_form_field form-field \">\n\t<div class=\"frm_submit frm_flex\">\n<button class=\"frm_button_submit\" type=\"submit\"  >Submit<\/button>\n\n\n\n<\/div>\n<\/div>\n\t<input type=\"hidden\" name=\"item_key\" value=\"\" \/>\n\t\t\t<div id=\"frm_field_27_container\">\n\t\t\t<label for=\"field_7iyhg\" >\n\t\t\t\tSi vous \u00eates un humain, ne remplissez pas ce champ.\t\t\t<\/label>\n\t\t\t<input  id=\"field_7iyhg\" type=\"text\" class=\"frm_form_field form-field frm_verify\" name=\"item_meta[27]\" value=\"\"  \/>\n\t\t<\/div>\n\t\t<input name=\"frm_state\" type=\"hidden\" value=\"QMWQADXtDhP5wDUb+tMfA1z\/9qqcAWBymTaTM\/hSDzw=\" \/><\/div>\n<\/fieldset>\n<\/div>\n\n<\/form>\n<\/div>\n<\/div>\n\t\t\t\t\t\t<\/div>\n\t\t\t\t<\/div>\n\t\t\t\t<div class=\"elementor-element elementor-element-4a689fa elementor-align-center elementor-invisible elementor-widget elementor-widget-button\" data-id=\"4a689fa\" data-element_type=\"widget\" data-e-type=\"widget\" data-settings=\"{&quot;_animation&quot;:&quot;fadeInDown&quot;}\" data-widget_type=\"button.default\">\n\t\t\t\t<div class=\"elementor-widget-container\">\n\t\t\t\t\t\t\t\t\t<div class=\"elementor-button-wrapper\">\n\t\t\t\t\t<a class=\"elementor-button elementor-button-link elementor-size-sm\" href=\"https:\/\/zylloo.com\/events\/\">\n\t\t\t\t\t\t<span class=\"elementor-button-content-wrapper\">\n\t\t\t\t\t\t\t\t\t<span class=\"elementor-button-text\">Retourner aux \u00e9v\u00e9nements<\/span>\n\t\t\t\t\t<\/span>\n\t\t\t\t\t<\/a>\n\t\t\t\t<\/div>\n\t\t\t\t\t\t\t\t<\/div>\n\t\t\t\t<\/div>\n\t\t\t\t\t<\/div>\n\t\t\t\t<\/div>\n\t\t\t\t<\/div>\n\t\t","protected":false},"excerpt":{"rendered":"<p>DEMANDER UNE FORMATION Veuillez attendre que le calendrier se charge, puis planifiez votre r\u00e9union avec M. Cezzy Kanionga sur Zoom. Assurez-vous d&rsquo;avoir un compte Zoom pour participer \u00e0 la r\u00e9union une fois qu&rsquo;elle est confirm\u00e9e. Zylloo Consult peut utiliser vos coordonn\u00e9es pour vous contacter dans le cadre d&rsquo;engagements futurs et vous proposer des services sur [&hellip;]<\/p>\n","protected":false},"author":1,"featured_media":0,"parent":0,"menu_order":0,"comment_status":"closed","ping_status":"closed","template":"elementor_header_footer","meta":{"footnotes":""},"class_list":["post-94480","page","type-page","status-publish","hentry"],"yoast_head":"<!-- This site is optimized with the Yoast SEO plugin v27.5 - https:\/\/yoast.com\/product\/yoast-seo-wordpress\/ -->\n<title>Demande de formation - Zylloo Consult<\/title>\n<meta name=\"robots\" content=\"index, follow, max-snippet:-1, max-image-preview:large, max-video-preview:-1\" \/>\n<link rel=\"canonical\" href=\"https:\/\/zylloo.com\/fr\/demande-de-formation\/\" \/>\n<meta property=\"og:locale\" content=\"fr_FR\" \/>\n<meta property=\"og:type\" content=\"article\" \/>\n<meta property=\"og:title\" content=\"Demande de formation - Zylloo Consult\" \/>\n<meta property=\"og:description\" content=\"DEMANDER UNE FORMATION Veuillez attendre que le calendrier se charge, puis planifiez votre r\u00e9union avec M. Cezzy Kanionga sur Zoom. Assurez-vous d&rsquo;avoir un compte Zoom pour participer \u00e0 la r\u00e9union une fois qu&rsquo;elle est confirm\u00e9e. Zylloo Consult peut utiliser vos coordonn\u00e9es pour vous contacter dans le cadre d&rsquo;engagements futurs et vous proposer des services sur [&hellip;]\" \/>\n<meta property=\"og:url\" content=\"https:\/\/zylloo.com\/fr\/demande-de-formation\/\" \/>\n<meta property=\"og:site_name\" content=\"Zylloo Consult\" \/>\n<meta property=\"article:publisher\" content=\"https:\/\/www.facebook.com\/zylloo\/\" \/>\n<meta property=\"article:modified_time\" content=\"2025-11-20T18:53:42+00:00\" \/>\n<meta name=\"twitter:card\" content=\"summary_large_image\" \/>\n<meta name=\"twitter:site\" content=\"@Zylloo\" \/>\n<script type=\"application\/ld+json\" class=\"yoast-schema-graph\">{\"@context\":\"https:\\\/\\\/schema.org\",\"@graph\":[{\"@type\":\"WebPage\",\"@id\":\"https:\\\/\\\/zylloo.com\\\/fr\\\/demande-de-formation\\\/\",\"url\":\"https:\\\/\\\/zylloo.com\\\/fr\\\/demande-de-formation\\\/\",\"name\":\"Demande de formation - Zylloo Consult\",\"isPartOf\":{\"@id\":\"https:\\\/\\\/zylloo.com\\\/fr\\\/#website\"},\"datePublished\":\"2024-10-10T14:18:27+00:00\",\"dateModified\":\"2025-11-20T18:53:42+00:00\",\"breadcrumb\":{\"@id\":\"https:\\\/\\\/zylloo.com\\\/fr\\\/demande-de-formation\\\/#breadcrumb\"},\"inLanguage\":\"fr-FR\",\"potentialAction\":[{\"@type\":\"ReadAction\",\"target\":[\"https:\\\/\\\/zylloo.com\\\/fr\\\/demande-de-formation\\\/\"]}]},{\"@type\":\"BreadcrumbList\",\"@id\":\"https:\\\/\\\/zylloo.com\\\/fr\\\/demande-de-formation\\\/#breadcrumb\",\"itemListElement\":[{\"@type\":\"ListItem\",\"position\":1,\"name\":\"Home\",\"item\":\"https:\\\/\\\/zylloo.com\\\/fr\\\/accueil\\\/\"},{\"@type\":\"ListItem\",\"position\":2,\"name\":\"Demande de formation\"}]},{\"@type\":\"WebSite\",\"@id\":\"https:\\\/\\\/zylloo.com\\\/fr\\\/#website\",\"url\":\"https:\\\/\\\/zylloo.com\\\/fr\\\/\",\"name\":\"Zylloo Consult\",\"description\":\"Etudes et conseils\",\"publisher\":{\"@id\":\"https:\\\/\\\/zylloo.com\\\/fr\\\/#organization\"},\"potentialAction\":[{\"@type\":\"SearchAction\",\"target\":{\"@type\":\"EntryPoint\",\"urlTemplate\":\"https:\\\/\\\/zylloo.com\\\/fr\\\/?s={search_term_string}\"},\"query-input\":{\"@type\":\"PropertyValueSpecification\",\"valueRequired\":true,\"valueName\":\"search_term_string\"}}],\"inLanguage\":\"fr-FR\"},{\"@type\":\"Organization\",\"@id\":\"https:\\\/\\\/zylloo.com\\\/fr\\\/#organization\",\"name\":\"Zylloo Consult\",\"alternateName\":\"Zylloo\",\"url\":\"https:\\\/\\\/zylloo.com\\\/fr\\\/\",\"logo\":{\"@type\":\"ImageObject\",\"inLanguage\":\"fr-FR\",\"@id\":\"https:\\\/\\\/zylloo.com\\\/fr\\\/#\\\/schema\\\/logo\\\/image\\\/\",\"url\":\"https:\\\/\\\/zylloo.com\\\/wp-content\\\/uploads\\\/2024\\\/04\\\/zylloo_web_logo_2.png\",\"contentUrl\":\"https:\\\/\\\/zylloo.com\\\/wp-content\\\/uploads\\\/2024\\\/04\\\/zylloo_web_logo_2.png\",\"width\":968,\"height\":274,\"caption\":\"Zylloo Consult\"},\"image\":{\"@id\":\"https:\\\/\\\/zylloo.com\\\/fr\\\/#\\\/schema\\\/logo\\\/image\\\/\"},\"sameAs\":[\"https:\\\/\\\/www.facebook.com\\\/zylloo\\\/\",\"https:\\\/\\\/x.com\\\/Zylloo\",\"https:\\\/\\\/www.linkedin.com\\\/company\\\/zylloo-consult\\\/\",\"https:\\\/\\\/www.instagram.com\\\/zylloo_2018\\\/\"]}]}<\/script>\n<!-- \/ Yoast SEO plugin. -->","yoast_head_json":{"title":"Demande de formation - Zylloo Consult","robots":{"index":"index","follow":"follow","max-snippet":"max-snippet:-1","max-image-preview":"max-image-preview:large","max-video-preview":"max-video-preview:-1"},"canonical":"https:\/\/zylloo.com\/fr\/demande-de-formation\/","og_locale":"fr_FR","og_type":"article","og_title":"Demande de formation - Zylloo Consult","og_description":"DEMANDER UNE FORMATION Veuillez attendre que le calendrier se charge, puis planifiez votre r\u00e9union avec M. Cezzy Kanionga sur Zoom. Assurez-vous d&rsquo;avoir un compte Zoom pour participer \u00e0 la r\u00e9union une fois qu&rsquo;elle est confirm\u00e9e. Zylloo Consult peut utiliser vos coordonn\u00e9es pour vous contacter dans le cadre d&rsquo;engagements futurs et vous proposer des services sur [&hellip;]","og_url":"https:\/\/zylloo.com\/fr\/demande-de-formation\/","og_site_name":"Zylloo Consult","article_publisher":"https:\/\/www.facebook.com\/zylloo\/","article_modified_time":"2025-11-20T18:53:42+00:00","twitter_card":"summary_large_image","twitter_site":"@Zylloo","schema":{"@context":"https:\/\/schema.org","@graph":[{"@type":"WebPage","@id":"https:\/\/zylloo.com\/fr\/demande-de-formation\/","url":"https:\/\/zylloo.com\/fr\/demande-de-formation\/","name":"Demande de formation - Zylloo Consult","isPartOf":{"@id":"https:\/\/zylloo.com\/fr\/#website"},"datePublished":"2024-10-10T14:18:27+00:00","dateModified":"2025-11-20T18:53:42+00:00","breadcrumb":{"@id":"https:\/\/zylloo.com\/fr\/demande-de-formation\/#breadcrumb"},"inLanguage":"fr-FR","potentialAction":[{"@type":"ReadAction","target":["https:\/\/zylloo.com\/fr\/demande-de-formation\/"]}]},{"@type":"BreadcrumbList","@id":"https:\/\/zylloo.com\/fr\/demande-de-formation\/#breadcrumb","itemListElement":[{"@type":"ListItem","position":1,"name":"Home","item":"https:\/\/zylloo.com\/fr\/accueil\/"},{"@type":"ListItem","position":2,"name":"Demande de formation"}]},{"@type":"WebSite","@id":"https:\/\/zylloo.com\/fr\/#website","url":"https:\/\/zylloo.com\/fr\/","name":"Zylloo Consult","description":"Etudes et conseils","publisher":{"@id":"https:\/\/zylloo.com\/fr\/#organization"},"potentialAction":[{"@type":"SearchAction","target":{"@type":"EntryPoint","urlTemplate":"https:\/\/zylloo.com\/fr\/?s={search_term_string}"},"query-input":{"@type":"PropertyValueSpecification","valueRequired":true,"valueName":"search_term_string"}}],"inLanguage":"fr-FR"},{"@type":"Organization","@id":"https:\/\/zylloo.com\/fr\/#organization","name":"Zylloo Consult","alternateName":"Zylloo","url":"https:\/\/zylloo.com\/fr\/","logo":{"@type":"ImageObject","inLanguage":"fr-FR","@id":"https:\/\/zylloo.com\/fr\/#\/schema\/logo\/image\/","url":"https:\/\/zylloo.com\/wp-content\/uploads\/2024\/04\/zylloo_web_logo_2.png","contentUrl":"https:\/\/zylloo.com\/wp-content\/uploads\/2024\/04\/zylloo_web_logo_2.png","width":968,"height":274,"caption":"Zylloo Consult"},"image":{"@id":"https:\/\/zylloo.com\/fr\/#\/schema\/logo\/image\/"},"sameAs":["https:\/\/www.facebook.com\/zylloo\/","https:\/\/x.com\/Zylloo","https:\/\/www.linkedin.com\/company\/zylloo-consult\/","https:\/\/www.instagram.com\/zylloo_2018\/"]}]}},"_links":{"self":[{"href":"https:\/\/zylloo.com\/fr\/wp-json\/wp\/v2\/pages\/94480","targetHints":{"allow":["GET"]}}],"collection":[{"href":"https:\/\/zylloo.com\/fr\/wp-json\/wp\/v2\/pages"}],"about":[{"href":"https:\/\/zylloo.com\/fr\/wp-json\/wp\/v2\/types\/page"}],"author":[{"embeddable":true,"href":"https:\/\/zylloo.com\/fr\/wp-json\/wp\/v2\/users\/1"}],"replies":[{"embeddable":true,"href":"https:\/\/zylloo.com\/fr\/wp-json\/wp\/v2\/comments?post=94480"}],"version-history":[{"count":1,"href":"https:\/\/zylloo.com\/fr\/wp-json\/wp\/v2\/pages\/94480\/revisions"}],"predecessor-version":[{"id":94481,"href":"https:\/\/zylloo.com\/fr\/wp-json\/wp\/v2\/pages\/94480\/revisions\/94481"}],"wp:attachment":[{"href":"https:\/\/zylloo.com\/fr\/wp-json\/wp\/v2\/media?parent=94480"}],"curies":[{"name":"wp","href":"https:\/\/api.w.org\/{rel}","templated":true}]}}